{"id":40,"date":"2016-03-23T01:18:36","date_gmt":"2016-03-23T01:18:36","guid":{"rendered":"http:\/\/sgic.com.vn\/en\/?page_id=40"},"modified":"2024-06-14T07:28:49","modified_gmt":"2024-06-14T07:28:49","slug":"financial-highlights","status":"publish","type":"page","link":"https:\/\/sgic.com.vn\/en\/financial-information\/financial-highlights\/","title":{"rendered":"Financial Information"},"content":{"rendered":"<div id=\"pl-40\"  class=\"panel-layout\" ><div id=\"pg-40-0\"  class=\"panel-grid panel-no-style\" ><div id=\"pgc-40-0-0\"  class=\"panel-grid-cell\" ><div id=\"panel-40-0-0-0\" class=\"so-panel widget widget_sow-editor panel-first-child\" data-index=\"0\" ><div class=\"panel-widget-style panel-widget-style-for-40-0-0-0\" ><div\n\t\t\t\n\t\t\tclass=\"so-widget-sow-editor so-widget-sow-editor-base\"\n\t\t\t\n\t\t><h3 class=\"widget-title\">Financial Highlights<\/h3>\n<div class=\"siteorigin-widget-tinymce textwidget\">\n\t<p class=\"small\" style=\"text-align: right;\">(VND Million)<\/p>\n<\/div>\n<\/div><\/div><\/div><div id=\"panel-40-0-0-1\" class=\"so-panel widget widget_siteorigin-panels-builder panel-last-child\" data-index=\"1\" ><div class=\"panel-widget-style panel-widget-style-for-40-0-0-1\" ><div id=\"pl-w666bf131ab9fb\"  class=\"panel-layout\" ><div id=\"pg-w666bf131ab9fb-0\"  class=\"panel-grid panel-has-style\" ><div class=\"panel-row-style panel-row-style-for-w666bf131ab9fb-0\" ><div id=\"pgc-w666bf131ab9fb-0-0\"  class=\"panel-grid-cell\" ><div id=\"panel-w666bf131ab9fb-0-0-0\" class=\"so-panel widget widget_sow-editor panel-first-child\" data-index=\"0\" ><div class=\"panel-widget-style panel-widget-style-for-w666bf131ab9fb-0-0-0\" ><div\n\t\t\t\n\t\t\tclass=\"so-widget-sow-editor so-widget-sow-editor-base\"\n\t\t\t\n\t\t>\n<div class=\"siteorigin-widget-tinymce textwidget\">\n\t<p style=\"text-align: center;\"><strong>Total Assets<\/strong><\/p>\n<\/div>\n<\/div><\/div><\/div><div id=\"panel-w666bf131ab9fb-0-0-1\" class=\"so-panel widget widget_sow-image panel-last-child\" data-index=\"1\" ><div\n\t\t\t\n\t\t\tclass=\"so-widget-sow-image so-widget-sow-image-default-c67d20f9f743\"\n\t\t\t\n\t\t>\n<div class=\"sow-image-container\">\n\t\t<img \n\tsrc=\"https:\/\/sgic.com.vn\/en\/wp-content\/uploads\/sites\/2\/2016\/03\/t.png\" width=\"503\" height=\"431\" srcset=\"https:\/\/sgic.com.vn\/en\/wp-content\/uploads\/sites\/2\/2016\/03\/t.png 503w, https:\/\/sgic.com.vn\/en\/wp-content\/uploads\/sites\/2\/2016\/03\/t-300x257.png 300w\" sizes=\"(max-width: 503px) 100vw, 503px\" alt=\"Total Assets, FY2019:702,916, FY2020:725,499.0, FY2021:742.439, FY2022:781,959, FY2023:823,025\" \t\tclass=\"so-widget-image\"\/>\n\t<\/div>\n\n<\/div><\/div><\/div><div id=\"pgc-w666bf131ab9fb-0-1\"  class=\"panel-grid-cell\" ><div id=\"panel-w666bf131ab9fb-0-1-0\" class=\"so-panel widget widget_sow-editor panel-first-child\" data-index=\"2\" ><div class=\"panel-widget-style panel-widget-style-for-w666bf131ab9fb-0-1-0\" ><div\n\t\t\t\n\t\t\tclass=\"so-widget-sow-editor so-widget-sow-editor-base\"\n\t\t\t\n\t\t>\n<div class=\"siteorigin-widget-tinymce textwidget\">\n\t<p style=\"text-align: center;\"><strong>Total Liabilities<\/strong><\/p>\n<\/div>\n<\/div><\/div><\/div><div id=\"panel-w666bf131ab9fb-0-1-1\" class=\"so-panel widget widget_sow-image panel-last-child\" data-index=\"3\" ><div\n\t\t\t\n\t\t\tclass=\"so-widget-sow-image so-widget-sow-image-default-c67d20f9f743\"\n\t\t\t\n\t\t>\n<div class=\"sow-image-container\">\n\t\t<img \n\tsrc=\"https:\/\/sgic.com.vn\/en\/wp-content\/uploads\/sites\/2\/2016\/03\/n.png\" width=\"508\" height=\"428\" srcset=\"https:\/\/sgic.com.vn\/en\/wp-content\/uploads\/sites\/2\/2016\/03\/n.png 508w, https:\/\/sgic.com.vn\/en\/wp-content\/uploads\/sites\/2\/2016\/03\/n-300x253.png 300w\" sizes=\"(max-width: 508px) 100vw, 508px\" alt=\"Total Liabilities, FY2019:48,462, FY2020:51,860.0, FY2021:50,536.0, FY2022:62,174.0, FY2023:51,737 \" \t\tclass=\"so-widget-image\"\/>\n\t<\/div>\n\n<\/div><\/div><\/div><div id=\"pgc-w666bf131ab9fb-0-2\"  class=\"panel-grid-cell\" ><div id=\"panel-w666bf131ab9fb-0-2-0\" class=\"so-panel widget widget_sow-editor panel-first-child\" data-index=\"4\" ><div class=\"panel-widget-style panel-widget-style-for-w666bf131ab9fb-0-2-0\" ><div\n\t\t\t\n\t\t\tclass=\"so-widget-sow-editor so-widget-sow-editor-base\"\n\t\t\t\n\t\t>\n<div class=\"siteorigin-widget-tinymce textwidget\">\n\t<p style=\"text-align: center;\"><strong>Owner's Equity<\/strong><\/p>\n<\/div>\n<\/div><\/div><\/div><div id=\"panel-w666bf131ab9fb-0-2-1\" class=\"so-panel widget widget_sow-image panel-last-child\" data-index=\"5\" ><div\n\t\t\t\n\t\t\tclass=\"so-widget-sow-image so-widget-sow-image-default-c67d20f9f743\"\n\t\t\t\n\t\t>\n<div class=\"sow-image-container\">\n\t\t<img \n\tsrc=\"https:\/\/sgic.com.vn\/en\/wp-content\/uploads\/sites\/2\/2016\/03\/v.png\" width=\"508\" height=\"428\" srcset=\"https:\/\/sgic.com.vn\/en\/wp-content\/uploads\/sites\/2\/2016\/03\/v.png 508w, https:\/\/sgic.com.vn\/en\/wp-content\/uploads\/sites\/2\/2016\/03\/v-300x253.png 300w\" sizes=\"(max-width: 508px) 100vw, 508px\" alt=\"Owner&#039;s Equity, FY2019:654,454, FY2020:673,639.0, FY2021:691,903, FY2022:719,784, FY2023:771,288 \" \t\tclass=\"so-widget-image\"\/>\n\t<\/div>\n\n<\/div><\/div><\/div><\/div><\/div><div id=\"pg-w666bf131ab9fb-1\"  class=\"panel-grid panel-has-style\" ><div class=\"panel-row-style panel-row-style-for-w666bf131ab9fb-1\" ><div id=\"pgc-w666bf131ab9fb-1-0\"  class=\"panel-grid-cell\" ><div id=\"panel-w666bf131ab9fb-1-0-0\" class=\"so-panel widget widget_sow-editor panel-first-child panel-last-child\" data-index=\"6\" ><div\n\t\t\t\n\t\t\tclass=\"so-widget-sow-editor so-widget-sow-editor-base\"\n\t\t\t\n\t\t>\n<div class=\"siteorigin-widget-tinymce textwidget\">\n\t<ul>\n<li>Yearly Audited Financial statement<\/li>\n<\/ul>\n<table class=\"table table-bordered\">\n<caption>B\u00e1o c\u00e1o t\u00e0i ch\u00ednh ki\u1ec3m to\u00e1n n\u0103m<\/caption>\n<thead>\n<tr>\n<th scope=\"col\" width=\"\">No.<\/th>\n<th scope=\"col\" width=\"35%\">Content<\/th>\n<th scope=\"col\" width=\"35%\">Period<\/th>\n<th scope=\"col\" width=\"20%\">Attached file<\/th>\n<\/tr>\n<\/thead>\n<tbody>\n<tr>\n<td style=\"text-align: center;\">1<\/td>\n<td style=\"text-align: center;\">Audited financial statement 2023<\/td>\n<td style=\"text-align: center;\">01\/01\/2023 ~ 31\/12\/2023<\/td>\n<td style=\"text-align: center;\"><a href=\"https:\/\/sgic.com.vn\/en\/wp-content\/uploads\/sites\/2\/2016\/03\/Audited-Financial-statement-2023_summary.pdf\" target=\"_blank\">\u00bbDownload file<\/a><\/td>\n<\/tr>\n<tr>\n<td style=\"text-align: center;\">2<\/td>\n<td style=\"text-align: center;\">Audited financial statement 2022<\/td>\n<td style=\"text-align: center;\">01\/01\/2022 ~ 31\/12\/2022<\/td>\n<td style=\"text-align: center;\"><a href=\"https:\/\/sgic.com.vn\/en\/wp-content\/uploads\/sites\/2\/2024\/04\/Audited-Financial-statement-2022-summary.pdf\" target=\"_blank\">\u00bbDownload file<\/a><\/td>\n<\/tr>\n<tr>\n<td style=\"text-align: center;\">3<\/td>\n<td style=\"text-align: center;\">Audited financial statement 2021<\/td>\n<td style=\"text-align: center;\">01\/01\/2021 ~ 31\/12\/2021<\/td>\n<td style=\"text-align: center;\"><a href=\"https:\/\/sgic.com.vn\/en\/wp-content\/uploads\/sites\/2\/2024\/04\/Audited-Financial-statement-2021.pdf\" target=\"_blank\">\u00bbDownload file<\/a><\/td>\n<\/tr>\n<tr>\n<td style=\"text-align: center;\">4<\/td>\n<td style=\"text-align: center;\">Audited financial statement 2020<\/td>\n<td style=\"text-align: center;\">01\/01\/2020 ~ 31\/12\/2020<\/td>\n<td style=\"text-align: center;\"><a href=\"https:\/\/sgic.com.vn\/en\/wp-content\/uploads\/sites\/2\/2024\/04\/Audited-Financial-statement-2020.pdf\" target=\"_blank\">\u00bbDownload file<\/a><\/td>\n<\/tr>\n<tr>\n<td style=\"text-align: center;\">5<\/td>\n<td style=\"text-align: center;\">Audited financial statement 2019<\/td>\n<td style=\"text-align: center;\">01\/01\/2019 ~ 31\/12\/2019<\/td>\n<td style=\"text-align: center;\"><a href=\"https:\/\/sgic.com.vn\/en\/wp-content\/uploads\/sites\/2\/2024\/04\/Auditted-Financial-statement-2019.pdf\" target=\"_blank\">\u00bbDownload file<\/a><\/td>\n<\/tr>\n<\/tbody>\n<\/table>\n<\/div>\n<\/div><\/div><\/div><\/div><\/div><div id=\"pg-w666bf131ab9fb-2\"  class=\"panel-grid panel-no-style\" ><div id=\"pgc-w666bf131ab9fb-2-0\"  class=\"panel-grid-cell\" ><div id=\"panel-w666bf131ab9fb-2-0-0\" class=\"so-panel widget widget_sow-editor panel-first-child panel-last-child\" data-index=\"7\" ><div\n\t\t\t\n\t\t\tclass=\"so-widget-sow-editor so-widget-sow-editor-base\"\n\t\t\t\n\t\t><h3 class=\"widget-title\">Product structure<\/h3>\n<div class=\"siteorigin-widget-tinymce textwidget\">\n\t<\/div>\n<\/div><\/div><\/div><\/div><div id=\"pg-w666bf131ab9fb-3\"  class=\"panel-grid panel-no-style\" ><div id=\"pgc-w666bf131ab9fb-3-0\"  class=\"panel-grid-cell\" ><div id=\"panel-w666bf131ab9fb-3-0-0\" class=\"so-panel widget widget_sow-image panel-first-child panel-last-child\" data-index=\"8\" ><div\n\t\t\t\n\t\t\tclass=\"so-widget-sow-image so-widget-sow-image-default-8b5b6f678277\"\n\t\t\t\n\t\t>\n<div class=\"sow-image-container\">\n\t\t<img \n\tsrc=\"https:\/\/sgic.com.vn\/en\/wp-content\/uploads\/sites\/2\/2016\/03\/ta.jpg\" width=\"2560\" height=\"1278\" srcset=\"https:\/\/sgic.com.vn\/en\/wp-content\/uploads\/sites\/2\/2016\/03\/ta.jpg 2560w, https:\/\/sgic.com.vn\/en\/wp-content\/uploads\/sites\/2\/2016\/03\/ta-300x150.jpg 300w, https:\/\/sgic.com.vn\/en\/wp-content\/uploads\/sites\/2\/2016\/03\/ta-768x383.jpg 768w, https:\/\/sgic.com.vn\/en\/wp-content\/uploads\/sites\/2\/2016\/03\/ta-1024x511.jpg 1024w\" sizes=\"(max-width: 2560px) 100vw, 2560px\" alt=\"FY2021, bid bond : 0.02%, performance bond : 37.91%, advance payment bond : 31.45%, maintenance bond : 22.06%, personal loan bond : 8.56%, FY2022, bid bond : 0.03%, performance bond : 46.70%, advance payment bond : 30.3%, maintenance bond : 19.45%, personal loan bond : 3.51%, FY2023, bid bond : 0.07%, performance bond : 34.01%, advance payment bond : 13.79%, maintenance bond : 32.01%, personal loan bond : 20.13%\" \t\tclass=\"so-widget-image\"\/>\n\t<\/div>\n\n<\/div><\/div><\/div><\/div><\/div><\/div><\/div><\/div><\/div><\/div>","protected":false},"excerpt":{"rendered":"<p>(VND Million)<\/p>\n","protected":false},"author":1,"featured_media":124,"parent":18,"menu_order":0,"comment_status":"closed","ping_status":"closed","template":"","meta":{"footnotes":""},"class_list":["post-40","page","type-page","status-publish","has-post-thumbnail","hentry"],"_links":{"self":[{"href":"https:\/\/sgic.com.vn\/en\/wp-json\/wp\/v2\/pages\/40","targetHints":{"allow":["GET"]}}],"collection":[{"href":"https:\/\/sgic.com.vn\/en\/wp-json\/wp\/v2\/pages"}],"about":[{"href":"https:\/\/sgic.com.vn\/en\/wp-json\/wp\/v2\/types\/page"}],"author":[{"embeddable":true,"href":"https:\/\/sgic.com.vn\/en\/wp-json\/wp\/v2\/users\/1"}],"replies":[{"embeddable":true,"href":"https:\/\/sgic.com.vn\/en\/wp-json\/wp\/v2\/comments?post=40"}],"version-history":[{"count":65,"href":"https:\/\/sgic.com.vn\/en\/wp-json\/wp\/v2\/pages\/40\/revisions"}],"predecessor-version":[{"id":600,"href":"https:\/\/sgic.com.vn\/en\/wp-json\/wp\/v2\/pages\/40\/revisions\/600"}],"up":[{"embeddable":true,"href":"https:\/\/sgic.com.vn\/en\/wp-json\/wp\/v2\/pages\/18"}],"wp:featuredmedia":[{"embeddable":true,"href":"https:\/\/sgic.com.vn\/en\/wp-json\/wp\/v2\/media\/124"}],"wp:attachment":[{"href":"https:\/\/sgic.com.vn\/en\/wp-json\/wp\/v2\/media?parent=40"}],"curies":[{"name":"wp","href":"https:\/\/api.w.org\/{rel}","templated":true}]}}